{"id":2062,"date":"2025-05-12T15:34:49","date_gmt":"2025-05-12T13:34:49","guid":{"rendered":"http:\/\/ngrr1.pl\/?page_id=2062"},"modified":"2025-05-12T15:58:55","modified_gmt":"2025-05-12T13:58:55","slug":"warsztaty-pierwszej-pomocy-15-06-2025","status":"publish","type":"page","link":"https:\/\/ngrr1.pl\/?page_id=2062","title":{"rendered":"Warsztaty z Pierwszej Pomocy 15.06.2025"},"content":{"rendered":"\n<h2>Naucz si\u0119 ratowa\u0107 \u017cycie \u2013 warsztaty z pierwszej pomocy<\/h2>\n\n\n\n<p><\/p>\n\n\n\n<h4>15.06.2025 10:00-17:00<br>Park im. gen. J. Sowi\u0144skiego<\/h4>\n\n\n\n<p><br>Zapraszamy wszystkich mieszka\u0144c\u00f3w na <strong>warsztaty z pierwszej pomocy<\/strong>, kt\u00f3re odb\u0119d\u0105 si\u0119 w ramach Mistrzostw Ratowniczych. To wyj\u0105tkowa okazja, by zdoby\u0107 praktyczne umiej\u0119tno\u015bci, kt\u00f3re mog\u0105 uratowa\u0107 \u017cycie \u2013 i to pod okiem do\u015bwiadczonych ratownik\u00f3w medycznych.<\/p>\n\n\n\n<figure class=\"wp-block-image size-large\"><img loading=\"lazy\" width=\"770\" height=\"202\" src=\"http:\/\/ngrr1.pl\/wp-content\/uploads\/2025\/01\/ngr-5.jpg\" alt=\"\" class=\"wp-image-1828\" srcset=\"https:\/\/ngrr1.pl\/wp-content\/uploads\/2025\/01\/ngr-5.jpg 770w, https:\/\/ngrr1.pl\/wp-content\/uploads\/2025\/01\/ngr-5-300x79.jpg 300w, https:\/\/ngrr1.pl\/wp-content\/uploads\/2025\/01\/ngr-5-768x201.jpg 768w\" sizes=\"(max-width: 770px) 100vw, 770px\" \/><\/figure>\n\n\n\n<h3>Co na Ciebie czeka?<\/h3>\n\n\n\n<p>\ud83d\udd39 <strong>Stanowiska szkoleniowe<\/strong> \u2013 ka\u017cdy ch\u0119tny b\u0119dzie m\u00f3g\u0142 spr\u00f3bowa\u0107 swoich si\u0142 w wykonywaniu uci\u015bni\u0119\u0107 klatki piersiowej na profesjonalnych fantomach. To doskona\u0142y spos\u00f3b, by nauczy\u0107 si\u0119, jak prawid\u0142owo reagowa\u0107 w przypadku zatrzymania kr\u0105\u017cenia.<br>\ud83d\udd39 <strong>Edukacja na \u017cywo<\/strong> \u2013 podczas pokaz\u00f3w ratowniczych ratownik b\u0119dzie na bie\u017c\u0105co t\u0142umaczy\u0107 obserwatorom, jakie dzia\u0142ania s\u0105 podejmowane, dlaczego i w jakim celu.<br>\ud83d\udd39 <strong>Bezpo\u015bredni kontakt ze specjalistami<\/strong> \u2013 po ka\u017cdej akcji ratowniczej b\u0119dzie mo\u017cliwo\u015b\u0107 rozmowy z ratownikami, by lepiej zrozumie\u0107 procedury i dowiedzie\u0107 si\u0119, jak samodzielnie udziela\u0107 pomocy.<\/p>\n\n\n\n<figure class=\"wp-block-image size-large\"><img loading=\"lazy\" width=\"770\" height=\"204\" src=\"http:\/\/ngrr1.pl\/wp-content\/uploads\/2025\/01\/ngr-4.jpg\" alt=\"\" class=\"wp-image-1827\" srcset=\"https:\/\/ngrr1.pl\/wp-content\/uploads\/2025\/01\/ngr-4.jpg 770w, https:\/\/ngrr1.pl\/wp-content\/uploads\/2025\/01\/ngr-4-300x79.jpg 300w, https:\/\/ngrr1.pl\/wp-content\/uploads\/2025\/01\/ngr-4-768x203.jpg 768w\" sizes=\"(max-width: 770px) 100vw, 770px\" \/><\/figure>\n\n\n\n<h3>Dlaczego warto?<\/h3>\n\n\n\n<p>To nie tylko szkolenie \u2013 to realna szansa, by poczu\u0107 si\u0119 pewniej w sytuacjach kryzysowych. Warsztaty odbywaj\u0105 si\u0119 w ramach Mistrzostw Ratowniczych KPP, podczas kt\u00f3rych profesjonalne zespo\u0142y ratownicze rywalizuj\u0105 w realistycznych scenariuszach. Dzi\u0119ki temu uczestnicy warsztat\u00f3w mog\u0105 nie tylko si\u0119 uczy\u0107, ale te\u017c z bliska obserwowa\u0107 dzia\u0142ania ratownik\u00f3w w praktyce.<\/p>\n\n\n\n<figure class=\"wp-block-image size-large\"><img loading=\"lazy\" width=\"762\" height=\"202\" src=\"http:\/\/ngrr1.pl\/wp-content\/uploads\/2025\/01\/ngr-3.jpg\" alt=\"\" class=\"wp-image-1826\" srcset=\"https:\/\/ngrr1.pl\/wp-content\/uploads\/2025\/01\/ngr-3.jpg 762w, https:\/\/ngrr1.pl\/wp-content\/uploads\/2025\/01\/ngr-3-300x80.jpg 300w\" sizes=\"(max-width: 762px) 100vw, 762px\" \/><\/figure>\n\n\n\n<p><strong>Nie przegap tej szansy \u2013 do\u0142\u0105cz do nas i naucz si\u0119 ratowa\u0107 \u017cycie<\/strong><\/p>\n","protected":false},"excerpt":{"rendered":"<p>Naucz si\u0119 ratowa\u0107 \u017cycie \u2013 warsztaty z pierwszej pomocy 15.06.2025 10:00-17:00Park im. gen. J. Sowi\u0144skiego Zapraszamy wszystkich mieszka\u0144c\u00f3w na warsztaty&hellip;<\/p>\n","protected":false},"author":2,"featured_media":0,"parent":0,"menu_order":0,"comment_status":"closed","ping_status":"closed","template":"","meta":[],"_links":{"self":[{"href":"https:\/\/ngrr1.pl\/index.php?rest_route=\/wp\/v2\/pages\/2062"}],"collection":[{"href":"https:\/\/ngrr1.pl\/index.php?rest_route=\/wp\/v2\/pages"}],"about":[{"href":"https:\/\/ngrr1.pl\/index.php?rest_route=\/wp\/v2\/types\/page"}],"author":[{"embeddable":true,"href":"https:\/\/ngrr1.pl\/index.php?rest_route=\/wp\/v2\/users\/2"}],"replies":[{"embeddable":true,"href":"https:\/\/ngrr1.pl\/index.php?rest_route=%2Fwp%2Fv2%2Fcomments&post=2062"}],"version-history":[{"count":3,"href":"https:\/\/ngrr1.pl\/index.php?rest_route=\/wp\/v2\/pages\/2062\/revisions"}],"predecessor-version":[{"id":2330,"href":"https:\/\/ngrr1.pl\/index.php?rest_route=\/wp\/v2\/pages\/2062\/revisions\/2330"}],"wp:attachment":[{"href":"https:\/\/ngrr1.pl\/index.php?rest_route=%2Fwp%2Fv2%2Fmedia&parent=2062"}],"curies":[{"name":"wp","href":"https:\/\/api.w.org\/{rel}","templated":true}]}}