{"id":12,"date":"2020-11-17T13:09:35","date_gmt":"2020-11-17T12:09:35","guid":{"rendered":"https:\/\/niezaleznagruparatowniczar1.wordpress.com\/?page_id=9"},"modified":"2025-02-20T11:23:52","modified_gmt":"2025-02-20T10:23:52","slug":"about","status":"publish","type":"page","link":"https:\/\/ngrr1.pl\/?page_id=12","title":{"rendered":"O nas"},"content":{"rendered":"\n<figure class=\"wp-block-image size-large\"><img loading=\"lazy\" width=\"1024\" height=\"384\" src=\"https:\/\/ngrr1.pl\/wp-content\/uploads\/2025\/02\/473377056_1168055041993866_4847999081652494708_n-1024x384.jpg\" alt=\"\" class=\"wp-image-1944\" srcset=\"https:\/\/ngrr1.pl\/wp-content\/uploads\/2025\/02\/473377056_1168055041993866_4847999081652494708_n-1024x384.jpg 1024w, https:\/\/ngrr1.pl\/wp-content\/uploads\/2025\/02\/473377056_1168055041993866_4847999081652494708_n-300x113.jpg 300w, https:\/\/ngrr1.pl\/wp-content\/uploads\/2025\/02\/473377056_1168055041993866_4847999081652494708_n-768x288.jpg 768w, https:\/\/ngrr1.pl\/wp-content\/uploads\/2025\/02\/473377056_1168055041993866_4847999081652494708_n-1536x576.jpg 1536w, https:\/\/ngrr1.pl\/wp-content\/uploads\/2025\/02\/473377056_1168055041993866_4847999081652494708_n-1600x600.jpg 1600w, https:\/\/ngrr1.pl\/wp-content\/uploads\/2025\/02\/473377056_1168055041993866_4847999081652494708_n.jpg 2000w\" sizes=\"(max-width: 1024px) 100vw, 1024px\" \/><\/figure>\n\n\n\n<p>Ratowanie \u017cycia to nie tylko wiedza, ale przede wszystkim odpowiedzialno\u015b\u0107 \u2013 dlatego priorytetem dla nas s\u0105 umiej\u0119tno\u015bci i ci\u0105g\u0142e doskonalenie.<\/p>\n\n\n\n<p>Wiemy, jak wa\u017cna jest szybka reakcja w sytuacji zagro\u017cenia, dlatego uczymy pierwszej pomocy \u2013 im wi\u0119cej os\u00f3b b\u0119dzie potrafi\u0142o dzia\u0142a\u0107, tym wi\u0119ksza szansa na skuteczn\u0105 pomoc i zachowanie \u0142a\u0144cucha prze\u017cycia. Naszym celem jest zwi\u0119kszanie \u015bwiadomo\u015bci i przygotowanie ludzi do dzia\u0142ania, zanim na miejsce dotr\u0105 s\u0142u\u017cby ratunkowe.<\/p>\n\n\n\n<p>Tworzymy zesp\u00f3\u0142 ludzi o r\u00f3\u017cnych profesjach i zainteresowaniach, ale \u0142\u0105czy nas jeden cel \u2013 doskonalenie umiej\u0119tno\u015bci ratowniczych i szerzenie wiedzy z zakresu pierwszej pomocy. Ka\u017cdy z nas wnosi do grupy co\u015b wyj\u0105tkowego, ale wszyscy kierujemy si\u0119 t\u0105 sam\u0105 zasad\u0105: im lepiej jeste\u015bmy przygotowani, tym skuteczniej mo\u017cemy ratowa\u0107 \u017cycie.<\/p>\n\n\n\n<h3><strong>Co robimy?<\/strong><\/h3>\n\n\n\n<p>\ud83e\ude7a <strong>Szkolimy i edukujemy<\/strong> \u2013 to podstawa naszego dzia\u0142ania.<br>\ud83d\udd25 <strong>Doskonalimy umiej\u0119tno\u015bci<\/strong> \u2013 regularne \u0107wiczenia to nasz priorytet.<br>\ud83d\ude91 <strong>Szerzymy wiedz\u0119 o pierwszej pomocy<\/strong> \u2013 prowadzimy zaj\u0119cia w przedszkolach, szko\u0142ach, firmach, na piknikach i wydarzeniach spo\u0142ecznych.<br>\ud83d\udee0 <strong>Organizujemy manewry ratownicze<\/strong> \u2013 dla stra\u017cak\u00f3w, organizacji pozarz\u0105dowych i niezrzeszonych ratownik\u00f3w, by wsp\u00f3lnie podnosi\u0107 poziom bezpiecze\u0144stwa.<\/p>\n\n\n\n<p><a href=\"http:\/\/ngrr1.pl\/?page_id=125\" target=\"_blank\" rel=\"noreferrer noopener\">Nasi Ratownicy<\/a><br><a href=\"http:\/\/ngrr1.pl\/?page_id=147\" target=\"_blank\" rel=\"noreferrer noopener\">Nasze Dzia\u0142ania<\/a><\/p>\n\n\n\n<figure class=\"wp-block-image size-large\"><img loading=\"lazy\" width=\"1024\" height=\"668\" src=\"https:\/\/ngrr1.pl\/wp-content\/uploads\/2025\/02\/473307004_1167520955380608_608754627748967884_n-1024x668.jpg\" alt=\"\" class=\"wp-image-1945\" srcset=\"https:\/\/ngrr1.pl\/wp-content\/uploads\/2025\/02\/473307004_1167520955380608_608754627748967884_n-1024x668.jpg 1024w, https:\/\/ngrr1.pl\/wp-content\/uploads\/2025\/02\/473307004_1167520955380608_608754627748967884_n-300x196.jpg 300w, https:\/\/ngrr1.pl\/wp-content\/uploads\/2025\/02\/473307004_1167520955380608_608754627748967884_n-768x501.jpg 768w, https:\/\/ngrr1.pl\/wp-content\/uploads\/2025\/02\/473307004_1167520955380608_608754627748967884_n-1536x1002.jpg 1536w, https:\/\/ngrr1.pl\/wp-content\/uploads\/2025\/02\/473307004_1167520955380608_608754627748967884_n-1600x1044.jpg 1600w, https:\/\/ngrr1.pl\/wp-content\/uploads\/2025\/02\/473307004_1167520955380608_608754627748967884_n.jpg 2048w\" sizes=\"(max-width: 1024px) 100vw, 1024px\" \/><\/figure>\n\n\n\n<div class=\"wp-block-group alignfull\"><div class=\"wp-block-group__inner-container\"><\/div><\/div>\n","protected":false},"excerpt":{"rendered":"<p>Ratowanie \u017cycia to nie tylko wiedza, ale przede wszystkim odpowiedzialno\u015b\u0107 \u2013 dlatego priorytetem dla nas s\u0105 umiej\u0119tno\u015bci i ci\u0105g\u0142e doskonalenie.&hellip;<\/p>\n","protected":false},"author":2,"featured_media":0,"parent":0,"menu_order":0,"comment_status":"closed","ping_status":"closed","template":"","meta":[],"_links":{"self":[{"href":"https:\/\/ngrr1.pl\/index.php?rest_route=\/wp\/v2\/pages\/12"}],"collection":[{"href":"https:\/\/ngrr1.pl\/index.php?rest_route=\/wp\/v2\/pages"}],"about":[{"href":"https:\/\/ngrr1.pl\/index.php?rest_route=\/wp\/v2\/types\/page"}],"author":[{"embeddable":true,"href":"https:\/\/ngrr1.pl\/index.php?rest_route=\/wp\/v2\/users\/2"}],"replies":[{"embeddable":true,"href":"https:\/\/ngrr1.pl\/index.php?rest_route=%2Fwp%2Fv2%2Fcomments&post=12"}],"version-history":[{"count":8,"href":"https:\/\/ngrr1.pl\/index.php?rest_route=\/wp\/v2\/pages\/12\/revisions"}],"predecessor-version":[{"id":1946,"href":"https:\/\/ngrr1.pl\/index.php?rest_route=\/wp\/v2\/pages\/12\/revisions\/1946"}],"wp:attachment":[{"href":"https:\/\/ngrr1.pl\/index.php?rest_route=%2Fwp%2Fv2%2Fmedia&parent=12"}],"curies":[{"name":"wp","href":"https:\/\/api.w.org\/{rel}","templated":true}]}}