{"id":2033,"date":"2025-04-15T10:26:11","date_gmt":"2025-04-15T08:26:11","guid":{"rendered":"http:\/\/ngrr1.pl\/?page_id=2033"},"modified":"2026-01-15T08:52:05","modified_gmt":"2026-01-15T07:52:05","slug":"video-z-naszych-dzialan","status":"publish","type":"page","link":"http:\/\/ngrr1.pl\/?page_id=2033","title":{"rendered":"VIDEO"},"content":{"rendered":"\n<p>Jednodniowe Manewry Ratownicze dla Ratownik\u00f3w KPP<\/p>\n\n\n\n<figure class=\"wp-block-video\"><video controls poster=\"http:\/\/ngrr1.pl\/wp-content\/uploads\/2025\/12\/IMG_E9199-scaled.jpg\" src=\"http:\/\/ngrr1.pl\/wp-content\/uploads\/2025\/12\/NGR-R1-Jednodniowe-warsztaty-KPP-22.11.2025.mp4\"><\/video><\/figure>\n\n\n\n<p>Jednodniowe Manewry Ratownicze dla Ratownik\u00f3w KPP<\/p>\n\n\n\n<figure class=\"wp-block-video\"><video controls poster=\"http:\/\/ngrr1.pl\/wp-content\/uploads\/2025\/12\/IMG_9053-scaled.jpg\" src=\"https:\/\/ngrr1.pl\/wp-content\/uploads\/2025\/06\/NGR-R1-Jednodniowe-warsztaty-KPP-long-ver.mp4\"><\/video><\/figure>\n\n\n\n<p>Mistrzostwa Ratownicze KPP 2025<\/p>\n\n\n\n<figure class=\"wp-block-video\"><video controls poster=\"http:\/\/ngrr1.pl\/wp-content\/uploads\/2025\/06\/508670796_1311964657602903_8928234547779102232_n.jpg\" src=\"https:\/\/ngrr1.pl\/wp-content\/uploads\/2025\/06\/NGR-R1-Mistrostwa-Ratownicze-KPP-2025.mp4\"><\/video><\/figure>\n\n\n\n<p>Manewry Poszukiwawczo-Ratownicze Soko\u0142\u00f3w Podlaski 2025<br> <\/p>\n\n\n\n<figure class=\"wp-block-video\"><video controls poster=\"http:\/\/ngrr1.pl\/wp-content\/uploads\/2025\/02\/466004398_1117094487089922_3711749724528252001_n.jpg\" src=\"https:\/\/ngrr1.pl\/wp-content\/uploads\/2025\/07\/NGR-R1-Manewry-OSP-Cukrownia-2025.mp4\"><\/video><\/figure>\n\n\n\n<p>Og\u00f3lnopolski Konkurs Pierwszej Pomocy dla Uczni\u00f3w Szk\u00f3\u0142 Podstawowych<\/p>\n\n\n\n<figure class=\"wp-block-video\"><video controls src=\"https:\/\/ngrr1.pl\/wp-content\/uploads\/2025\/06\/NGR-R1-Ogo\u0301lnopolski-konkurs-Pierwsza-Pomoc.mp4\"><\/video><\/figure>\n\n\n\n<div class=\"wp-block-columns\">\n<div class=\"wp-block-column\" style=\"flex-basis:100%\">\n<p>Manewry Poszukiwawczo-Ratownicze Jura 2025<\/p>\n\n\n\n<figure class=\"wp-block-video\"><video controls src=\"http:\/\/ngrr1.pl\/wp-content\/uploads\/2025\/04\/Manewry-Jura-2025.mp4\"><\/video><\/figure>\n\n\n\n<p>Video pokazuj\u0105ce nasze szkolenia i manewry<\/p>\n<\/div>\n<\/div>\n\n\n\n<figure class=\"wp-block-video\"><video controls poster=\"http:\/\/ngrr1.pl\/wp-content\/uploads\/2024\/12\/466000330_1117094270423277_3278821522873264650_n.jpg\" src=\"http:\/\/ngrr1.pl\/wp-content\/uploads\/2025\/01\/NGR-R1-video-reklamowka.mp4\"><\/video><\/figure>\n\n\n\n<p>Festyn Zdrowia w Podkowie Le\u015bnej, 2025<\/p>\n\n\n\n<figure class=\"wp-block-video\"><video controls src=\"http:\/\/ngrr1.pl\/wp-content\/uploads\/2025\/04\/Festyn-Zdrowia-Podkowa-Lesna-2025.mp4\"><\/video><\/figure>\n","protected":false},"excerpt":{"rendered":"<p>Jednodniowe Manewry Ratownicze dla Ratownik\u00f3w KPP Jednodniowe Manewry Ratownicze dla Ratownik\u00f3w KPP Mistrzostwa Ratownicze KPP 2025 Manewry Poszukiwawczo-Ratownicze Soko\u0142\u00f3w Podlaski&hellip;<\/p>\n","protected":false},"author":2,"featured_media":0,"parent":0,"menu_order":0,"comment_status":"closed","ping_status":"closed","template":"","meta":[],"_links":{"self":[{"href":"http:\/\/ngrr1.pl\/index.php?rest_route=\/wp\/v2\/pages\/2033"}],"collection":[{"href":"http:\/\/ngrr1.pl\/index.php?rest_route=\/wp\/v2\/pages"}],"about":[{"href":"http:\/\/ngrr1.pl\/index.php?rest_route=\/wp\/v2\/types\/page"}],"author":[{"embeddable":true,"href":"http:\/\/ngrr1.pl\/index.php?rest_route=\/wp\/v2\/users\/2"}],"replies":[{"embeddable":true,"href":"http:\/\/ngrr1.pl\/index.php?rest_route=%2Fwp%2Fv2%2Fcomments&post=2033"}],"version-history":[{"count":9,"href":"http:\/\/ngrr1.pl\/index.php?rest_route=\/wp\/v2\/pages\/2033\/revisions"}],"predecessor-version":[{"id":2290,"href":"http:\/\/ngrr1.pl\/index.php?rest_route=\/wp\/v2\/pages\/2033\/revisions\/2290"}],"wp:attachment":[{"href":"http:\/\/ngrr1.pl\/index.php?rest_route=%2Fwp%2Fv2%2Fmedia&parent=2033"}],"curies":[{"name":"wp","href":"https:\/\/api.w.org\/{rel}","templated":true}]}}